{"id":10391,"date":"2025-09-18T16:14:13","date_gmt":"2025-09-18T16:14:13","guid":{"rendered":"https:\/\/easyhomedomotica.com\/?page_id=10391"},"modified":"2025-09-18T17:09:10","modified_gmt":"2025-09-18T17:09:10","slug":"domotica-para-mayores","status":"publish","type":"page","link":"https:\/\/easyhomedomotica.com\/ca\/domotica-para-mayores\/","title":{"rendered":"Dom\u00f3tica para mayores"},"content":{"rendered":"<div data-elementor-type=\"wp-page\" data-elementor-id=\"10391\" class=\"elementor elementor-10391\">\n\t\t\t\t<div class=\"elementor-element elementor-element-83c583d e-flex e-con-boxed e-con e-parent\" data-id=\"83c583d\" data-element_type=\"container\" data-e-type=\"container\" data-settings=\"{&quot;jet_parallax_layout_list&quot;:[]}\">\n\t\t\t\t\t<div class=\"e-con-inner\">\n\t\t\t\t\t<\/div>\n\t\t\t\t<\/div>\n\t\t<div class=\"elementor-element elementor-element-5e48243 e-flex e-con-boxed e-con e-parent\" data-id=\"5e48243\" data-element_type=\"container\" data-e-type=\"container\" data-settings=\"{&quot;jet_parallax_layout_list&quot;:[]}\">\n\t\t\t\t\t<div class=\"e-con-inner\">\n\t\t\t\t<div class=\"elementor-element elementor-element-ca69a82 elementor-widget elementor-widget-image\" data-id=\"ca69a82\" data-element_type=\"widget\" data-e-type=\"widget\" data-widget_type=\"image.default\">\n\t\t\t\t<div class=\"elementor-widget-container\">\n\t\t\t\t\t\t\t\t\t\t\t\t\t\t\t<img fetchpriority=\"high\" decoding=\"async\" width=\"750\" height=\"563\" src=\"https:\/\/easyhomedomotica.com\/wp-content\/uploads\/2025\/09\/mayor.jpg\" class=\"attachment-large size-large wp-image-10339\" alt=\"\" srcset=\"https:\/\/easyhomedomotica.com\/wp-content\/uploads\/2025\/09\/mayor.jpg 750w, https:\/\/easyhomedomotica.com\/wp-content\/uploads\/2025\/09\/mayor-300x225.jpg 300w, https:\/\/easyhomedomotica.com\/wp-content\/uploads\/2025\/09\/mayor-16x12.jpg 16w, https:\/\/easyhomedomotica.com\/wp-content\/uploads\/2025\/09\/mayor-600x450.jpg 600w\" sizes=\"(max-width: 750px) 100vw, 750px\" \/>\t\t\t\t\t\t\t\t\t\t\t\t\t\t\t<\/div>\n\t\t\t\t<\/div>\n\t\t\t\t\t<\/div>\n\t\t\t\t<\/div>\n\t\t<div class=\"elementor-element elementor-element-2b5cb81 e-flex e-con-boxed e-con e-parent\" data-id=\"2b5cb81\" data-element_type=\"container\" data-e-type=\"container\" data-settings=\"{&quot;jet_parallax_layout_list&quot;:[]}\">\n\t\t\t\t\t<div class=\"e-con-inner\">\n\t\t\t\t<div class=\"elementor-element elementor-element-616f92a elementor-widget elementor-widget-spacer\" data-id=\"616f92a\" data-element_type=\"widget\" data-e-type=\"widget\" data-widget_type=\"spacer.default\">\n\t\t\t\t<div class=\"elementor-widget-container\">\n\t\t\t\t\t\t\t<div class=\"elementor-spacer\">\n\t\t\t<div class=\"elementor-spacer-inner\"><\/div>\n\t\t<\/div>\n\t\t\t\t\t\t<\/div>\n\t\t\t\t<\/div>\n\t\t\t\t\t<\/div>\n\t\t\t\t<\/div>\n\t\t<div class=\"elementor-element elementor-element-f80368a e-flex e-con-boxed e-con e-parent\" data-id=\"f80368a\" data-element_type=\"container\" data-e-type=\"container\" data-settings=\"{&quot;jet_parallax_layout_list&quot;:[]}\">\n\t\t\t\t\t<div class=\"e-con-inner\">\n\t\t\t\t<div class=\"elementor-element elementor-element-b617f0e elementor-widget elementor-widget-heading\" data-id=\"b617f0e\" data-element_type=\"widget\" data-e-type=\"widget\" data-widget_type=\"heading.default\">\n\t\t\t\t<div class=\"elementor-widget-container\">\n\t\t\t\t\t<h1 class=\"elementor-heading-title elementor-size-default\">DOM\u00d3TICA PARA MAYORES, ASISTENTES, PERSIANAS Y LUCES POR VOZ <\/h1>\t\t\t\t<\/div>\n\t\t\t\t<\/div>\n\t\t\t\t\t<\/div>\n\t\t\t\t<\/div>\n\t\t<div class=\"elementor-element elementor-element-9478831 e-flex e-con-boxed e-con e-parent\" data-id=\"9478831\" data-element_type=\"container\" data-e-type=\"container\" data-settings=\"{&quot;jet_parallax_layout_list&quot;:[]}\">\n\t\t\t\t\t<div class=\"e-con-inner\">\n\t\t\t\t<div class=\"elementor-element elementor-element-6339338 elementor-widget elementor-widget-text-editor\" data-id=\"6339338\" data-element_type=\"widget\" data-e-type=\"widget\" data-widget_type=\"text-editor.default\">\n\t\t\t\t<div class=\"elementor-widget-container\">\n\t\t\t\t\t\t\t\t\t<p><span style=\"font-size: 18pt;\">La <strong>dom\u00f3tica para mayores<\/strong> est\u00e1 transformando hogares y ofreciendo soluciones pr\u00e1cticas para mejorar el <strong>bienestar<\/strong> y la seguridad. Un hogar inteligente para personas mayores no solo aporta confort, sino que facilita la independencia y la <strong>accesibilidad<\/strong> en el d\u00eda a d\u00eda. Al integrar tecnolog\u00eda sencilla y accesible, como <strong>asistentes virtuales<\/strong> i <strong>automatizaci\u00f3n<\/strong> del hogar, se reducen barreras f\u00edsicas y se incrementa la <strong>calidad de vida.<\/strong><\/span><\/p><p><span style=\"font-size: 18pt;\">Los <strong>asistentes virtuales para gente mayor<\/strong>\u00a0son una herramienta clave: permiten control por voz de muchos dispositivos, <strong>recuerdan medicaci\u00f3n<\/strong>, <strong>programan citas y realizan llamadas<\/strong> de emergencia con facilidad. Para personas con movilidad reducida o problemas de visi\u00f3n, estos asistentes virtuales suponen una ayuda diaria que <strong>fomenta la autonom\u00eda.<\/strong> Adem\u00e1s, la integraci\u00f3n de las \u00f3rdenes por voz con otros elementos del hogar facilita la <strong>comunicaci\u00f3n con familiares y cuidadores.<\/strong><\/span><\/p><p><span style=\"font-size: 18pt;\">Las <strong>persianas autom\u00e1ticas<\/strong> aportan confort y seguridad: se pueden programar para abrir y cerrar seg\u00fan la hora, la temperatura o la luz, evitando maniobras peligrosas y reduciendo el riesgo de ca\u00eddas. Las persianas autom\u00e1ticas tambi\u00e9n colaboran en el a<strong>horro energ\u00e9tico<\/strong> al optimizar el uso de calefacci\u00f3n y aire acondicionado, mejorando el confort t\u00e9rmico y la privacidad del hogar. Para personas mayores, esto significa menos esfuerzo f\u00edsico y una vivienda m\u00e1s segura y eficiente.<\/span><\/p><p><span style=\"font-size: 18pt;\">Las <strong>luces controladas por voz<\/strong> o \u2018luces por voz\u2019 son especialmente \u00fatiles durante la noche o en desplazamientos por la casa: encender o atenuar la iluminaci\u00f3n sin moverse reduce el riesgo de tropiezos y mejora la seguridad. Con la automatizaci\u00f3n, es f\u00e1cil programar escenas (luz tenue para la noche, intensidad alta para leer) que se adapten a las rutinas y necesidades. Adem\u00e1s, el uso inteligente de la iluminaci\u00f3n contribuye al ahorro energ\u00e9tico y al confort visual de personas mayores.<\/span><\/p><p><span style=\"font-size: 18pt;\">Integrar dom\u00f3tica, asistentes virtuales, persianas autom\u00e1ticas y luces por voz crea un ecosistema centrado en la seguridad, accesibilidad e independencia de las personas mayores. Empezar con soluciones b\u00e1sicas y compatibles entre s\u00ed permite valorar beneficios sin grandes inversiones; contar con asesoramiento profesional garantiza una instalaci\u00f3n adecuada y segura. Si buscas mejorar la calidad de vida de un familiar mayor, la automatizaci\u00f3n del hogar es una inversi\u00f3n en bienestar, seguridad y tranquilidad. Si deseas m\u00e1s informaci\u00f3n no dudes en ponerte en contacto con nosotros. Haz clic sobre el bot\u00f3n que tienes a continuaci\u00f3n.<\/span><\/p>\t\t\t\t\t\t\t\t<\/div>\n\t\t\t\t<\/div>\n\t\t\t\t\t<\/div>\n\t\t\t\t<\/div>\n\t\t<div class=\"elementor-element elementor-element-b8b959d e-flex e-con-boxed e-con e-parent\" data-id=\"b8b959d\" data-element_type=\"container\" data-e-type=\"container\" data-settings=\"{&quot;jet_parallax_layout_list&quot;:[]}\">\n\t\t\t\t\t<div class=\"e-con-inner\">\n\t\t\t\t<div class=\"elementor-element elementor-element-6aa9727 elementor-align-center elementor-widget elementor-widget-button\" data-id=\"6aa9727\" data-element_type=\"widget\" data-e-type=\"widget\" data-widget_type=\"button.default\">\n\t\t\t\t<div class=\"elementor-widget-container\">\n\t\t\t\t\t\t\t\t\t<div class=\"elementor-button-wrapper\">\n\t\t\t\t\t<a class=\"elementor-button elementor-button-link elementor-size-sm\" href=\"https:\/\/easyhomedomotica.com\/ca\/cantacta-con-nosotros\/\">\n\t\t\t\t\t\t<span class=\"elementor-button-content-wrapper\">\n\t\t\t\t\t\t\t\t\t<span class=\"elementor-button-text\">+INFORMACI\u00d3<\/span>\n\t\t\t\t\t<\/span>\n\t\t\t\t\t<\/a>\n\t\t\t\t<\/div>\n\t\t\t\t\t\t\t\t<\/div>\n\t\t\t\t<\/div>\n\t\t\t\t\t<\/div>\n\t\t\t\t<\/div>\n\t\t\t\t<\/div>","protected":false},"excerpt":{"rendered":"<p>DOM\u00d3TICA PARA MAYORES, ASISTENTES, PERSIANAS Y LUCES POR VOZ La dom\u00f3tica para mayores est\u00e1 transformando hogares y ofreciendo soluciones pr\u00e1cticas para mejorar el bienestar y la seguridad. Un hogar inteligente para personas mayores no solo aporta confort, sino que facilita la independencia y la accesibilidad en el d\u00eda a d\u00eda. Al integrar tecnolog\u00eda sencilla y [&hellip;]<\/p>\n","protected":false},"author":1,"featured_media":0,"parent":0,"menu_order":0,"comment_status":"closed","ping_status":"closed","template":"","meta":{"om_disable_all_campaigns":false,"_monsterinsights_skip_tracking":false,"_monsterinsights_sitenote_active":false,"_monsterinsights_sitenote_note":"","_monsterinsights_sitenote_category":0,"_price":"","_stock":"","_tribe_ticket_header":"","_tribe_default_ticket_provider":"","_tribe_ticket_capacity":"0","_ticket_start_date":"","_ticket_end_date":"","_tribe_ticket_show_description":"","_tribe_ticket_show_not_going":false,"_tribe_ticket_use_global_stock":"","_tribe_ticket_global_stock_level":"","_global_stock_mode":"","_global_stock_cap":"","_tribe_rsvp_for_event":"","_tribe_ticket_going_count":"","_tribe_ticket_not_going_count":"","_tribe_tickets_list":"[]","_tribe_ticket_has_attendee_info_fields":false,"footnotes":"","_tec_slr_enabled":"","_tec_slr_layout":""},"class_list":["post-10391","page","type-page","status-publish","hentry"],"yoast_head":"<!-- This site is optimized with the Yoast SEO plugin v25.5 - https:\/\/yoast.com\/wordpress\/plugins\/seo\/ -->\n<title>Dom\u00f3tica para mayores - easyhomedomotica.com<\/title>\n<meta name=\"description\" content=\"Descubre c\u00f3mo la dom\u00f3tica para mayores mejora la seguridad, la independencia y el ahorro energ\u00e9tico. Asistentes virtuales, persianas autom\u00e1ticas y luces por voz.\" \/>\n<meta name=\"robots\" content=\"index, follow, max-snippet:-1, max-image-preview:large, max-video-preview:-1\" \/>\n<link rel=\"canonical\" href=\"https:\/\/easyhomedomotica.com\/ca\/domotica-para-mayores\/\" \/>\n<meta property=\"og:locale\" content=\"ca_ES\" \/>\n<meta property=\"og:type\" content=\"article\" \/>\n<meta property=\"og:title\" content=\"Dom\u00f3tica para mayores - easyhomedomotica.com\" \/>\n<meta property=\"og:description\" content=\"Descubre c\u00f3mo la dom\u00f3tica para mayores mejora la seguridad, la independencia y el ahorro energ\u00e9tico. Asistentes virtuales, persianas autom\u00e1ticas y luces por voz.\" \/>\n<meta property=\"og:url\" content=\"https:\/\/easyhomedomotica.com\/ca\/domotica-para-mayores\/\" \/>\n<meta property=\"og:site_name\" content=\"easyhomedomotica.com\" \/>\n<meta property=\"article:modified_time\" content=\"2025-09-18T17:09:10+00:00\" \/>\n<meta property=\"og:image\" content=\"https:\/\/easyhomedomotica.com\/wp-content\/uploads\/2025\/09\/mayor.jpg\" \/>\n<meta name=\"twitter:card\" content=\"summary_large_image\" \/>\n<meta name=\"twitter:label1\" content=\"Temps estimat de lectura\" \/>\n\t<meta name=\"twitter:data1\" content=\"2 minuts\" \/>\n<script type=\"application\/ld+json\" class=\"yoast-schema-graph\">{\"@context\":\"https:\/\/schema.org\",\"@graph\":[{\"@type\":\"WebPage\",\"@id\":\"https:\/\/easyhomedomotica.com\/domotica-para-mayores\/\",\"url\":\"https:\/\/easyhomedomotica.com\/domotica-para-mayores\/\",\"name\":\"Dom\u00f3tica para mayores - easyhomedomotica.com\",\"isPartOf\":{\"@id\":\"https:\/\/easyhomedomotica.com\/#website\"},\"primaryImageOfPage\":{\"@id\":\"https:\/\/easyhomedomotica.com\/domotica-para-mayores\/#primaryimage\"},\"image\":{\"@id\":\"https:\/\/easyhomedomotica.com\/domotica-para-mayores\/#primaryimage\"},\"thumbnailUrl\":\"https:\/\/easyhomedomotica.com\/wp-content\/uploads\/2025\/09\/mayor.jpg\",\"datePublished\":\"2025-09-18T16:14:13+00:00\",\"dateModified\":\"2025-09-18T17:09:10+00:00\",\"description\":\"Descubre c\u00f3mo la dom\u00f3tica para mayores mejora la seguridad, la independencia y el ahorro energ\u00e9tico. Asistentes virtuales, persianas autom\u00e1ticas y luces por voz.\",\"breadcrumb\":{\"@id\":\"https:\/\/easyhomedomotica.com\/domotica-para-mayores\/#breadcrumb\"},\"inLanguage\":\"ca\",\"potentialAction\":[{\"@type\":\"ReadAction\",\"target\":[\"https:\/\/easyhomedomotica.com\/domotica-para-mayores\/\"]}]},{\"@type\":\"ImageObject\",\"inLanguage\":\"ca\",\"@id\":\"https:\/\/easyhomedomotica.com\/domotica-para-mayores\/#primaryimage\",\"url\":\"https:\/\/easyhomedomotica.com\/wp-content\/uploads\/2025\/09\/mayor.jpg\",\"contentUrl\":\"https:\/\/easyhomedomotica.com\/wp-content\/uploads\/2025\/09\/mayor.jpg\"},{\"@type\":\"BreadcrumbList\",\"@id\":\"https:\/\/easyhomedomotica.com\/domotica-para-mayores\/#breadcrumb\",\"itemListElement\":[{\"@type\":\"ListItem\",\"position\":1,\"name\":\"Portada\",\"item\":\"https:\/\/easyhomedomotica.com\/\"},{\"@type\":\"ListItem\",\"position\":2,\"name\":\"Dom\u00f3tica para mayores\"}]},{\"@type\":\"WebSite\",\"@id\":\"https:\/\/easyhomedomotica.com\/#website\",\"url\":\"https:\/\/easyhomedomotica.com\/\",\"name\":\"easyhomedomotica.com\",\"description\":\"Empresa especializada en dom\u00f3tica inal\u00e1mbrica para la instalaci\u00f3n de componentes de automatizaci\u00f3n dom\u00f3tica con asistentes virtuales controlados por voz, m\u00f3vil o ordenador\",\"potentialAction\":[{\"@type\":\"SearchAction\",\"target\":{\"@type\":\"EntryPoint\",\"urlTemplate\":\"https:\/\/easyhomedomotica.com\/?s={search_term_string}\"},\"query-input\":{\"@type\":\"PropertyValueSpecification\",\"valueRequired\":true,\"valueName\":\"search_term_string\"}}],\"inLanguage\":\"ca\"}]}<\/script>\n<!-- \/ Yoast SEO plugin. -->","yoast_head_json":{"title":"Dom\u00f3tica para mayores - easyhomedomotica.com","description":"Descubre c\u00f3mo la dom\u00f3tica para mayores mejora la seguridad, la independencia y el ahorro energ\u00e9tico. Asistentes virtuales, persianas autom\u00e1ticas y luces por voz.","robots":{"index":"index","follow":"follow","max-snippet":"max-snippet:-1","max-image-preview":"max-image-preview:large","max-video-preview":"max-video-preview:-1"},"canonical":"https:\/\/easyhomedomotica.com\/ca\/domotica-para-mayores\/","og_locale":"ca_ES","og_type":"article","og_title":"Dom\u00f3tica para mayores - easyhomedomotica.com","og_description":"Descubre c\u00f3mo la dom\u00f3tica para mayores mejora la seguridad, la independencia y el ahorro energ\u00e9tico. Asistentes virtuales, persianas autom\u00e1ticas y luces por voz.","og_url":"https:\/\/easyhomedomotica.com\/ca\/domotica-para-mayores\/","og_site_name":"easyhomedomotica.com","article_modified_time":"2025-09-18T17:09:10+00:00","og_image":[{"url":"https:\/\/easyhomedomotica.com\/wp-content\/uploads\/2025\/09\/mayor.jpg","type":"","width":"","height":""}],"twitter_card":"summary_large_image","twitter_misc":{"Temps estimat de lectura":"2 minuts"},"schema":{"@context":"https:\/\/schema.org","@graph":[{"@type":"WebPage","@id":"https:\/\/easyhomedomotica.com\/domotica-para-mayores\/","url":"https:\/\/easyhomedomotica.com\/domotica-para-mayores\/","name":"Dom\u00f3tica para mayores - easyhomedomotica.com","isPartOf":{"@id":"https:\/\/easyhomedomotica.com\/#website"},"primaryImageOfPage":{"@id":"https:\/\/easyhomedomotica.com\/domotica-para-mayores\/#primaryimage"},"image":{"@id":"https:\/\/easyhomedomotica.com\/domotica-para-mayores\/#primaryimage"},"thumbnailUrl":"https:\/\/easyhomedomotica.com\/wp-content\/uploads\/2025\/09\/mayor.jpg","datePublished":"2025-09-18T16:14:13+00:00","dateModified":"2025-09-18T17:09:10+00:00","description":"Descubre c\u00f3mo la dom\u00f3tica para mayores mejora la seguridad, la independencia y el ahorro energ\u00e9tico. Asistentes virtuales, persianas autom\u00e1ticas y luces por voz.","breadcrumb":{"@id":"https:\/\/easyhomedomotica.com\/domotica-para-mayores\/#breadcrumb"},"inLanguage":"ca","potentialAction":[{"@type":"ReadAction","target":["https:\/\/easyhomedomotica.com\/domotica-para-mayores\/"]}]},{"@type":"ImageObject","inLanguage":"ca","@id":"https:\/\/easyhomedomotica.com\/domotica-para-mayores\/#primaryimage","url":"https:\/\/easyhomedomotica.com\/wp-content\/uploads\/2025\/09\/mayor.jpg","contentUrl":"https:\/\/easyhomedomotica.com\/wp-content\/uploads\/2025\/09\/mayor.jpg"},{"@type":"BreadcrumbList","@id":"https:\/\/easyhomedomotica.com\/domotica-para-mayores\/#breadcrumb","itemListElement":[{"@type":"ListItem","position":1,"name":"Portada","item":"https:\/\/easyhomedomotica.com\/"},{"@type":"ListItem","position":2,"name":"Dom\u00f3tica para mayores"}]},{"@type":"WebSite","@id":"https:\/\/easyhomedomotica.com\/#website","url":"https:\/\/easyhomedomotica.com\/","name":"easyhomedomotica.com","description":"Empresa especializada en dom\u00f3tica inal\u00e1mbrica para la instalaci\u00f3n de componentes de automatizaci\u00f3n dom\u00f3tica con asistentes virtuales controlados por voz, m\u00f3vil o ordenador","potentialAction":[{"@type":"SearchAction","target":{"@type":"EntryPoint","urlTemplate":"https:\/\/easyhomedomotica.com\/?s={search_term_string}"},"query-input":{"@type":"PropertyValueSpecification","valueRequired":true,"valueName":"search_term_string"}}],"inLanguage":"ca"}]}},"ticketed":false,"_links":{"self":[{"href":"https:\/\/easyhomedomotica.com\/ca\/wp-json\/wp\/v2\/pages\/10391"}],"collection":[{"href":"https:\/\/easyhomedomotica.com\/ca\/wp-json\/wp\/v2\/pages"}],"about":[{"href":"https:\/\/easyhomedomotica.com\/ca\/wp-json\/wp\/v2\/types\/page"}],"author":[{"embeddable":true,"href":"https:\/\/easyhomedomotica.com\/ca\/wp-json\/wp\/v2\/users\/1"}],"replies":[{"embeddable":true,"href":"https:\/\/easyhomedomotica.com\/ca\/wp-json\/wp\/v2\/comments?post=10391"}],"version-history":[{"count":16,"href":"https:\/\/easyhomedomotica.com\/ca\/wp-json\/wp\/v2\/pages\/10391\/revisions"}],"predecessor-version":[{"id":10409,"href":"https:\/\/easyhomedomotica.com\/ca\/wp-json\/wp\/v2\/pages\/10391\/revisions\/10409"}],"wp:attachment":[{"href":"https:\/\/easyhomedomotica.com\/ca\/wp-json\/wp\/v2\/media?parent=10391"}],"curies":[{"name":"wp","href":"https:\/\/api.w.org\/{rel}","templated":true}]}}