{"id":5098,"date":"2023-05-26T12:06:54","date_gmt":"2023-05-26T12:06:54","guid":{"rendered":"https:\/\/easyhomedomotica.com\/?page_id=5098"},"modified":"2023-05-26T12:12:37","modified_gmt":"2023-05-26T12:12:37","slug":"politica-privacidad","status":"publish","type":"page","link":"https:\/\/easyhomedomotica.com\/ca\/politica-privacidad\/","title":{"rendered":"POL\u00cdTICA PRIVACIDAD"},"content":{"rendered":"<div data-elementor-type=\"wp-page\" data-elementor-id=\"5098\" class=\"elementor elementor-5098\">\n\t\t\t\t<div class=\"elementor-element elementor-element-f4b2b3b e-flex e-con-boxed e-con e-parent\" data-id=\"f4b2b3b\" data-element_type=\"container\" data-e-type=\"container\" data-settings=\"{&quot;jet_parallax_layout_list&quot;:[]}\">\n\t\t\t\t\t<div class=\"e-con-inner\">\n\t\t\t\t<div class=\"elementor-element elementor-element-f4b60f8 elementor-widget elementor-widget-text-editor\" data-id=\"f4b60f8\" data-element_type=\"widget\" data-e-type=\"widget\" data-widget_type=\"text-editor.default\">\n\t\t\t\t<div class=\"elementor-widget-container\">\n\t\t\t\t\t\t\t\t\t<h2><strong><span style=\"color: #000080;\">POL\u00cdTICA PRIVACIDAD<\/span><\/strong><\/h2><p><strong>En esta p\u00e1gina puedes encontrar informaci\u00f3n sobre c\u00f3mo se manejar\u00e1n y proteger\u00e1n tus datos personales<\/strong>. La pol\u00edtica de privacidad expresa c\u00f3mo EASYHOMEDOMOTICA.COM tratar\u00e1 la informaci\u00f3n personal de todas las personas que interact\u00faan con el sitio web. Te pedimos que leas cuidadosamente esta pol\u00edtica de privacidad antes de utilizar la web, la cual est\u00e1 redactada seg\u00fan las \u00faltimas directrices europeas, de forma que no necesites de un abogado para comprenderlas sino que simplemente leyendo cualquier persona esta pol\u00edtica pueda ser capaz de comprenderla totalmente.<\/p><p>De acuerdo con el Reglamento UE 2016\/679 y la Ley Org\u00e1nica 3\/2018, EASYHOMEDOMOTICA.COM te informa que al aceptar esta pol\u00edtica de privacidad, prestas tu consentimiento expreso, informado, libre e inequ\u00edvoco para que EASYHOMEDOMOTICA.COM procese tus datos personales, los cuales ser\u00e1n protegidos con medidas t\u00e9cnicas y organizativas adecuadas a la normativa vigente.<\/p><h2><span style=\"color: #000080;\"><strong>Responsable de la web<\/strong><\/span><\/h2><ul><li>Nombre del responsable: Joan Giralt<\/li><li>Nombre comercial: EASYHOMEDOMOTICA.COM<\/li><li>NIF\/CIF: 36515811E<\/li><li>Direcci\u00f3n f\u00edsica: Passeig 22 de juliol 252 1er 3\u00aa Escalera 5, Terrassa, Barcelona<\/li><li>Sitio web: www.easyhomedomotica.com<\/li><li>Actividad realizada: Realizamos la venta e instalaci\u00f3n de componentes de dom\u00f3tica para el hogar y empresas<\/li><li>Correo electr\u00f3nico de contacto: giralt38@gmail.com<\/li><\/ul><h2><span style=\"color: #000080;\"><strong>Datos personales tratados<\/strong><\/span><\/h2><p>En este sitio web se pueden recoger los siguientes datos, siempre para poder ofrecer el servicio que la web tiene como finalidad, dependiendo de las acciones realizadas en el sitio web por el usuario:<\/p><p>Datos de navegaci\u00f3n: el sitio web puede conocer tu direcci\u00f3n IP, dispositivo utilizado, navegador con el que accede el usuario al sitio web y los datos de navegaci\u00f3n y comportamiento del usuario dentro del sitio. Esto es para poder ofrecer la mejor experiencia de uso a los usuarios del sitio web.<\/p><p>Datos identificativos y de contacto: nombre, apellidos, correo electr\u00f3nico o cualquier otro m\u00e9todo de contacto siempre que el usuario voluntariamente los indique.<\/p><p>Datos contractuales: en caso de adquirir bienes o servicios ofrecidos en el sitio web.<\/p><h2><span style=\"color: #000080;\"><strong>Base legal del tratamiento de datos<\/strong><\/span><\/h2><p>Los datos de los usuarios son tratados en base a las siguientes bases legales:<\/p><p>Inter\u00e9s leg\u00edtimo del responsable del tratamiento de datos para proteger a los usuarios de cualquier tipo de fraude o abuso en el uso de los servicios.<\/p><p>Consentimiento otorgado por el usuario relativo a contacto, suscripciones o comunicaciones comerciales.<\/p><p>Ejecuci\u00f3n de contratos con EASYHOMEDOMOTICA.COM para contratar servicios y poder gestionar la entrega de los mismos.<\/p><h2><span style=\"color: #000080;\"><strong>Tiempo de conservaci\u00f3n de los datos personales<\/strong><\/span><\/h2><p>El tiempo de conservaci\u00f3n de los datos personales de los usuarios ser\u00e1 el menor posible en todo caso, aunque pudiendo mantenerse en m\u00e1s tiempo en caso de tener que cumplir con alg\u00fan imperativo legal que obligue a dicho mantenimiento, como es el caso de las infracciones y sanciones en el orden social (4 a\u00f1os), las acciones civiles personales (5 a\u00f1os), a efectos contables (6 a\u00f1os) y para cumplir con algunas normativas relativas a la Prevenci\u00f3n de Blanqueo de Capitales y Financiaci\u00f3n de terrorismo (10 a\u00f1os). En cualquier caso, en t\u00e9rminos generales y sin que concurra ninguna de las circunstancias que obliguen a un mantenimiento mayor de los datos, se tendr\u00e1n el tiempo m\u00ednimo posible.<\/p><h2><span style=\"color: #000080;\"><strong>\u00bfQu\u00e9 derechos tienes respecto de tus datos?<\/strong><\/span><\/h2><p>Tus datos son tuyos, por lo que tendr\u00e1s todo el derecho a conocer el tratamiento de datos que se les da por parte de EASYHOMEDOMOTICA.COM a tus datos. En concreto, tendr\u00e1s derecho a:<\/p><ul><li>Acceder a tus datos<\/li><li>Rectificar o suprimir los datos<\/li><li>Cancelaci\u00f3n de los datos<\/li><li>Limitaci\u00f3n del tratamiento de los datos<\/li><li>Oposici\u00f3n al tratamiento<\/li><li>Portabilidad de los datos en cualquier momento<\/li><\/ul><p>Adem\u00e1s, tienes derecho a retirar el consentimiento en cualquier momento acerca del tratamiento de tus datos, aunque hayas consentido el mismo para una finalidad concreta dentro de la web. En caso de que consideres que el tratamiento de tus datos vulnera tus derechos, puedes ponerte en contacto con la Agencia de Protecci\u00f3n de Datos a trav\u00e9s del siguiente enlace:\u00a0<a href=\"https:\/\/www.aepd.es\/\" target=\"_blank\" rel=\"noopener\">https:\/\/www.aepd.es\/<\/a><\/p><p>Si quieres ejercitar alguno de los derechos anteriormente descritos, puedes hacerlo en cualquier momento enviando un correo electr\u00f3nico a la direcci\u00f3n giralt38@gmail.com. Para ello necesitar\u00e1s enviar el formulario de ejercicio de derechos sobre datos personales, que podr\u00e1s solicitarnos v\u00eda email o descargar de la\u00a0<a href=\"https:\/\/www.aepd.es\/\" target=\"_blank\" rel=\"noopener\">propia\u00a0<\/a><a href=\"https:\/\/www.abogadosoviedolex.es\/\">web\u00a0<\/a><a href=\"https:\/\/www.aepd.es\/\" target=\"_blank\" rel=\"noopener\">de la Agencia de Protecci\u00f3n de Datos<\/a>. En cualquier caso, deber\u00e1n ir firmados electr\u00f3nicamente o adjuntando una fotocopia\/imagen de tu DNI o documento identificativo correspondiente.<\/p><p>El formulario podr\u00e1 enviarse tanto por correo electr\u00f3nico como v\u00eda correo ordinario a la direcci\u00f3n Passeig 22 de juliol 252 1er 3\u00aa Escalera 5, Terrassa, Barcelona.<\/p><h2><span style=\"color: #000080;\"><strong>Seguridad y declaraci\u00f3n de brechas de seguridad<\/strong><\/span><\/h2><p>En www.easyhomedomotica.com tomamos todas las medidas a nuestro alcance y adecuadas al nivel de riesgo de los datos manejados para proteger tu informaci\u00f3n personal. En caso de que detectemos alguna brecha de seguridad o creamos razonablemente que alguno de tus datos puede haber sido expuesto, nos pondremos en contacto de forma inmediata para que puedas tomar las medidas de protecci\u00f3n necesarias frente a cualquier tipo de ataque dirigido contra tus datos personales.<\/p><h2><span style=\"color: #000080;\"><strong>Seguridad y mantenimiento de tus datos<\/strong><\/span><\/h2><p>En www.easyhomedomotica.com nos comprometemos a utilizar y tratar tus datos personales con total confidencialidad, de manera acorde a la finalidad de los mismos, as\u00ed como adaptar todas las medidas para evitar cualquier tipo de alteraci\u00f3n o p\u00e9rdida de los mismos, as\u00ed como accesos no autorizados, en base a lo establecido por la normativa vigente en materia de protecci\u00f3n de datos.<\/p><p>Por otro lado, www.easyhomedomotica.com debe ser claro y transparente con el hecho de que, al igual que cualquier otro sitio web de internet, no podemos garantizar la seguridad y el no acceso autorizado por parte de piratas inform\u00e1ticos o cualquier otro individuo u organizaci\u00f3n criminal, lo cual podr\u00eda violar la confidencialidad de los datos custodiados.<\/p><p>Respecto del manejo de datos por otro tipo de procesamiento, www.easyhomedomotica.com se encargar\u00e1 siempre de que el procesamiento realizado por cualquier persona autorizada por EASYHOMEDOMOTICA.COM estar\u00e1 bajo la misma obligaci\u00f3n de confidencialidad que nosotros.<\/p><p>En cualquier caso, si en alg\u00fan momento hay alg\u00fan error o fuga de informaci\u00f3n o datos personales, EASYHOMEDOMOTICA.COM lo comunicar\u00e1 a la mayor brevedad posible a los usuarios afectados o potencialmente afectados por ello.<\/p><h2><strong><span style=\"color: #003366;\">Exactitud y veracidad de los datos<\/span><\/strong><\/h2><p>Al ser quien los proporciona, el \u00fanico responsable de la veracidad de los datos proporcionados a www.easyhomedomotica.com eres t\u00fa como usuario, no teniendo EASYHOMEDOMOTICA.COM ninguna responsabilidad respecto a la exactitud o veracidad de los datos. En cualquier caso, los usuarios deben proporcionar datos exactos y aut\u00e9nticos, manteniendo los mismos debidamente actualizados.<\/p><p>El usuario se compromete a proporcionar informaci\u00f3n correcta y completa en base a esta pol\u00edtica de privacidad siempre que remita datos de cualquier tipo EASYHOMEDOMOTICA.COM a trav\u00e9s de www.easyhomedomotica.com.<\/p><h2><span style=\"color: #000080;\"><strong>Revocabilidad de los datos<\/strong><\/span><\/h2><p>El usuario presta su consentimiento para el tratamiento y cesi\u00f3n de los datos en los t\u00e9rminos expuestos, pero este no es un derecho absoluto, dado que puede ser revocado por el titular de los datos en cualquier momento, con la mera manifestaci\u00f3n de su voluntad y llevando a cabo el procedimiento descrito anteriormente para el ejercicio de los derechos arco ante EASYHOMEDOMOTICA.COM. En cualquier caso, esta revocaci\u00f3n no tendr\u00e1 car\u00e1cter retroactivo en ning\u00fan caso.<\/p><h2><span style=\"color: #000080;\"><strong>Cambios en la pol\u00edtica de privacidad<\/strong><\/span><\/h2><p>EASYHOMEDOMOTICA.COM tiene reservado el derecho a modificar la presente pol\u00edtica de privacidad para adaptarla a las novedades legislativas que existan en el futuro, as\u00ed como a las propias pr\u00e1cticas comunes de la industria o particulares de EASYHOMEDOMOTICA.COM. En caso de actualizaci\u00f3n de las pol\u00edticas, se anunciar\u00e1n en esta p\u00e1gina cualesquiera cambios con anterioridad a la aplicaci\u00f3n y obligatoriedad de los mismos.<\/p>\t\t\t\t\t\t\t\t<\/div>\n\t\t\t\t<\/div>\n\t\t\t\t\t<\/div>\n\t\t\t\t<\/div>\n\t\t\t\t<\/div>","protected":false},"excerpt":{"rendered":"<p>POL\u00cdTICA PRIVACIDAD En esta p\u00e1gina puedes encontrar informaci\u00f3n sobre c\u00f3mo se manejar\u00e1n y proteger\u00e1n tus datos personales. La pol\u00edtica de privacidad expresa c\u00f3mo EASYHOMEDOMOTICA.COM tratar\u00e1 la informaci\u00f3n personal de todas las personas que interact\u00faan con el sitio web. Te pedimos que leas cuidadosamente esta pol\u00edtica de privacidad antes de utilizar la web, la cual est\u00e1 [&hellip;]<\/p>\n","protected":false},"author":1,"featured_media":0,"parent":0,"menu_order":0,"comment_status":"closed","ping_status":"closed","template":"","meta":{"om_disable_all_campaigns":false,"_monsterinsights_skip_tracking":false,"_monsterinsights_sitenote_active":false,"_monsterinsights_sitenote_note":"","_monsterinsights_sitenote_category":0,"_price":"","_stock":"","_tribe_ticket_header":"","_tribe_default_ticket_provider":"","_tribe_ticket_capacity":"0","_ticket_start_date":"","_ticket_end_date":"","_tribe_ticket_show_description":"","_tribe_ticket_show_not_going":false,"_tribe_ticket_use_global_stock":"","_tribe_ticket_global_stock_level":"","_global_stock_mode":"","_global_stock_cap":"","_tribe_rsvp_for_event":"","_tribe_ticket_going_count":"","_tribe_ticket_not_going_count":"","_tribe_tickets_list":"[]","_tribe_ticket_has_attendee_info_fields":false,"footnotes":"","_tec_slr_enabled":"","_tec_slr_layout":""},"class_list":["post-5098","page","type-page","status-publish","hentry"],"yoast_head":"<!-- This site is optimized with the Yoast SEO plugin v25.5 - https:\/\/yoast.com\/wordpress\/plugins\/seo\/ -->\n<title>POL\u00cdTICA PRIVACIDAD - easyhomedomotica.com<\/title>\n<meta name=\"description\" content=\"POL\u00cdTICA PRIVACIDAD - easyhomedomotica.com\" \/>\n<meta name=\"robots\" content=\"noindex, nofollow\" \/>\n<meta property=\"og:locale\" content=\"ca_ES\" \/>\n<meta property=\"og:type\" content=\"article\" \/>\n<meta property=\"og:title\" content=\"POL\u00cdTICA PRIVACIDAD - easyhomedomotica.com\" \/>\n<meta property=\"og:description\" content=\"POL\u00cdTICA PRIVACIDAD - easyhomedomotica.com\" \/>\n<meta property=\"og:url\" content=\"https:\/\/easyhomedomotica.com\/ca\/politica-privacidad\/\" \/>\n<meta property=\"og:site_name\" content=\"easyhomedomotica.com\" \/>\n<meta property=\"article:modified_time\" content=\"2023-05-26T12:12:37+00:00\" \/>\n<meta name=\"twitter:card\" content=\"summary_large_image\" \/>\n<meta name=\"twitter:label1\" content=\"Temps estimat de lectura\" \/>\n\t<meta name=\"twitter:data1\" content=\"6 minuts\" \/>\n<script type=\"application\/ld+json\" class=\"yoast-schema-graph\">{\"@context\":\"https:\/\/schema.org\",\"@graph\":[{\"@type\":\"WebPage\",\"@id\":\"https:\/\/easyhomedomotica.com\/politica-privacidad\/\",\"url\":\"https:\/\/easyhomedomotica.com\/politica-privacidad\/\",\"name\":\"POL\u00cdTICA PRIVACIDAD - easyhomedomotica.com\",\"isPartOf\":{\"@id\":\"https:\/\/easyhomedomotica.com\/#website\"},\"datePublished\":\"2023-05-26T12:06:54+00:00\",\"dateModified\":\"2023-05-26T12:12:37+00:00\",\"description\":\"POL\u00cdTICA PRIVACIDAD - easyhomedomotica.com\",\"breadcrumb\":{\"@id\":\"https:\/\/easyhomedomotica.com\/politica-privacidad\/#breadcrumb\"},\"inLanguage\":\"ca\",\"potentialAction\":[{\"@type\":\"ReadAction\",\"target\":[\"https:\/\/easyhomedomotica.com\/politica-privacidad\/\"]}]},{\"@type\":\"BreadcrumbList\",\"@id\":\"https:\/\/easyhomedomotica.com\/politica-privacidad\/#breadcrumb\",\"itemListElement\":[{\"@type\":\"ListItem\",\"position\":1,\"name\":\"Portada\",\"item\":\"https:\/\/easyhomedomotica.com\/\"},{\"@type\":\"ListItem\",\"position\":2,\"name\":\"POL\u00cdTICA PRIVACIDAD\"}]},{\"@type\":\"WebSite\",\"@id\":\"https:\/\/easyhomedomotica.com\/#website\",\"url\":\"https:\/\/easyhomedomotica.com\/\",\"name\":\"easyhomedomotica.com\",\"description\":\"Empresa especializada en dom\u00f3tica inal\u00e1mbrica para la instalaci\u00f3n de componentes de automatizaci\u00f3n dom\u00f3tica con asistentes virtuales controlados por voz, m\u00f3vil o ordenador\",\"potentialAction\":[{\"@type\":\"SearchAction\",\"target\":{\"@type\":\"EntryPoint\",\"urlTemplate\":\"https:\/\/easyhomedomotica.com\/?s={search_term_string}\"},\"query-input\":{\"@type\":\"PropertyValueSpecification\",\"valueRequired\":true,\"valueName\":\"search_term_string\"}}],\"inLanguage\":\"ca\"}]}<\/script>\n<!-- \/ Yoast SEO plugin. -->","yoast_head_json":{"title":"POL\u00cdTICA PRIVACIDAD - easyhomedomotica.com","description":"POL\u00cdTICA PRIVACIDAD - easyhomedomotica.com","robots":{"index":"noindex","follow":"nofollow"},"og_locale":"ca_ES","og_type":"article","og_title":"POL\u00cdTICA PRIVACIDAD - easyhomedomotica.com","og_description":"POL\u00cdTICA PRIVACIDAD - easyhomedomotica.com","og_url":"https:\/\/easyhomedomotica.com\/ca\/politica-privacidad\/","og_site_name":"easyhomedomotica.com","article_modified_time":"2023-05-26T12:12:37+00:00","twitter_card":"summary_large_image","twitter_misc":{"Temps estimat de lectura":"6 minuts"},"schema":{"@context":"https:\/\/schema.org","@graph":[{"@type":"WebPage","@id":"https:\/\/easyhomedomotica.com\/politica-privacidad\/","url":"https:\/\/easyhomedomotica.com\/politica-privacidad\/","name":"POL\u00cdTICA PRIVACIDAD - easyhomedomotica.com","isPartOf":{"@id":"https:\/\/easyhomedomotica.com\/#website"},"datePublished":"2023-05-26T12:06:54+00:00","dateModified":"2023-05-26T12:12:37+00:00","description":"POL\u00cdTICA PRIVACIDAD - easyhomedomotica.com","breadcrumb":{"@id":"https:\/\/easyhomedomotica.com\/politica-privacidad\/#breadcrumb"},"inLanguage":"ca","potentialAction":[{"@type":"ReadAction","target":["https:\/\/easyhomedomotica.com\/politica-privacidad\/"]}]},{"@type":"BreadcrumbList","@id":"https:\/\/easyhomedomotica.com\/politica-privacidad\/#breadcrumb","itemListElement":[{"@type":"ListItem","position":1,"name":"Portada","item":"https:\/\/easyhomedomotica.com\/"},{"@type":"ListItem","position":2,"name":"POL\u00cdTICA PRIVACIDAD"}]},{"@type":"WebSite","@id":"https:\/\/easyhomedomotica.com\/#website","url":"https:\/\/easyhomedomotica.com\/","name":"easyhomedomotica.com","description":"Empresa especializada en dom\u00f3tica inal\u00e1mbrica para la instalaci\u00f3n de componentes de automatizaci\u00f3n dom\u00f3tica con asistentes virtuales controlados por voz, m\u00f3vil o ordenador","potentialAction":[{"@type":"SearchAction","target":{"@type":"EntryPoint","urlTemplate":"https:\/\/easyhomedomotica.com\/?s={search_term_string}"},"query-input":{"@type":"PropertyValueSpecification","valueRequired":true,"valueName":"search_term_string"}}],"inLanguage":"ca"}]}},"ticketed":false,"_links":{"self":[{"href":"https:\/\/easyhomedomotica.com\/ca\/wp-json\/wp\/v2\/pages\/5098"}],"collection":[{"href":"https:\/\/easyhomedomotica.com\/ca\/wp-json\/wp\/v2\/pages"}],"about":[{"href":"https:\/\/easyhomedomotica.com\/ca\/wp-json\/wp\/v2\/types\/page"}],"author":[{"embeddable":true,"href":"https:\/\/easyhomedomotica.com\/ca\/wp-json\/wp\/v2\/users\/1"}],"replies":[{"embeddable":true,"href":"https:\/\/easyhomedomotica.com\/ca\/wp-json\/wp\/v2\/comments?post=5098"}],"version-history":[{"count":4,"href":"https:\/\/easyhomedomotica.com\/ca\/wp-json\/wp\/v2\/pages\/5098\/revisions"}],"predecessor-version":[{"id":5102,"href":"https:\/\/easyhomedomotica.com\/ca\/wp-json\/wp\/v2\/pages\/5098\/revisions\/5102"}],"wp:attachment":[{"href":"https:\/\/easyhomedomotica.com\/ca\/wp-json\/wp\/v2\/media?parent=5098"}],"curies":[{"name":"wp","href":"https:\/\/api.w.org\/{rel}","templated":true}]}}