{"id":5572,"date":"2023-06-14T11:37:49","date_gmt":"2023-06-14T11:37:49","guid":{"rendered":"https:\/\/easyhomedomotica.com\/?page_id=5572"},"modified":"2023-06-15T07:27:36","modified_gmt":"2023-06-15T07:27:36","slug":"politica-de-privacidad","status":"publish","type":"page","link":"https:\/\/easyhomedomotica.com\/ca\/politica-de-privacidad\/","title":{"rendered":"Pol\u00edtica de privacitat"},"content":{"rendered":"<div data-elementor-type=\"wp-page\" data-elementor-id=\"5572\" class=\"elementor elementor-5572\">\n\t\t\t\t<div class=\"elementor-element elementor-element-f247824 e-flex e-con-boxed e-con e-parent\" data-id=\"f247824\" data-element_type=\"container\" data-e-type=\"container\" data-settings=\"{&quot;jet_parallax_layout_list&quot;:[]}\">\n\t\t\t\t\t<div class=\"e-con-inner\">\n\t\t\t\t<div class=\"elementor-element elementor-element-798fc14 elementor-widget elementor-widget-heading\" data-id=\"798fc14\" data-element_type=\"widget\" data-e-type=\"widget\" data-widget_type=\"heading.default\">\n\t\t\t\t<div class=\"elementor-widget-container\">\n\t\t\t\t\t<h1 class=\"elementor-heading-title elementor-size-default\">POL\u00cdTICA DE PRIVACITAT<\/h1>\t\t\t\t<\/div>\n\t\t\t\t<\/div>\n\t\t\t\t\t<\/div>\n\t\t\t\t<\/div>\n\t\t<div class=\"elementor-element elementor-element-6ff373e e-flex e-con-boxed e-con e-parent\" data-id=\"6ff373e\" data-element_type=\"container\" data-e-type=\"container\" data-settings=\"{&quot;jet_parallax_layout_list&quot;:[]}\">\n\t\t\t\t\t<div class=\"e-con-inner\">\n\t\t\t\t<div class=\"elementor-element elementor-element-12334b9 elementor-widget elementor-widget-spacer\" data-id=\"12334b9\" data-element_type=\"widget\" data-e-type=\"widget\" data-widget_type=\"spacer.default\">\n\t\t\t\t<div class=\"elementor-widget-container\">\n\t\t\t\t\t\t\t<div class=\"elementor-spacer\">\n\t\t\t<div class=\"elementor-spacer-inner\"><\/div>\n\t\t<\/div>\n\t\t\t\t\t\t<\/div>\n\t\t\t\t<\/div>\n\t\t\t\t\t<\/div>\n\t\t\t\t<\/div>\n\t\t<div class=\"elementor-element elementor-element-ddb8040 e-con-full e-flex e-con e-parent\" data-id=\"ddb8040\" data-element_type=\"container\" data-e-type=\"container\" data-settings=\"{&quot;jet_parallax_layout_list&quot;:[]}\">\n\t\t\t\t<div class=\"elementor-element elementor-element-10e9911 elementor-widget elementor-widget-text-editor\" data-id=\"10e9911\" data-element_type=\"widget\" data-e-type=\"widget\" data-widget_type=\"text-editor.default\">\n\t\t\t\t<div class=\"elementor-widget-container\">\n\t\t\t\t\t\t\t\t\t<p class=\"translation-block\"><strong>EASYHOMEDOMOTICA.COM<\/strong>, <strong>t'informa sobre la seva Pol\u00edtica de Privadesa respecte del tractament i protecci\u00f3 de les dades de car\u00e0cter personal dels usuaris i clients que puguin ser demanats per la navegaci\u00f3 o contractaci\u00f3 de serveis a trav\u00e9s del lloc https:\/\/easyhomedomotica.com<\/strong>.<\/p><p class=\"translation-block\">En aquest sentit,<strong>easyhomedomotica.com garanteix el compliment de la normativa vigent en mat\u00e8ria de protecci\u00f3 de dades personals, reflectida a la Llei Org\u00e0nica 3\/2018, de 5 de desembre,<\/strong> de Protecci\u00f3 de Dades Personals i de Garantia de Drets Digitals (LOPD GDD). Compleix tamb\u00e9 amb el Reglament (UE) 2016\/679 del Parlament Europeu i del Consell de 27 d'abril del 2016 relatiu a la protecci\u00f3 de les persones f\u00edsiques (RGPD).<\/p><p><strong>L'\u00fas del lloc web implica l'acceptaci\u00f3 d'aquesta Pol\u00edtica de Privadesa aix\u00ed com les condicions incloses a l'Av\u00eds Legal.<\/strong><\/p><p class=\"translation-block\">Identitat del responsable<br>Titular: Joan Giralt\u00a0<br>NIF\/CIF: 36515811-E<br>Domicili: Passeig 22 de Juliol 252 Terrassa<br>Correu electr\u00f2nic: info@easyhomedomotica.com<br>Lloc Web: https: \/\/easyhomedomotica.com<br>Principis aplicats en el tractament de dades<\/p><p>En el tractament de les teves dades personals, easyhomedomotica aplicar\u00e0 els principis seg\u00fcents que s'ajusten a les exig\u00e8ncies del nou reglament europeu de protecci\u00f3 de dades:<\/p><p><span style=\"color: #003366;\"><strong>Principi de licitud, lleialtat i transpar\u00e8ncia:<\/strong><\/span>\u00a0<\/p><p>Easyhomedomotica.com sempre requerir\u00e0 el consentiment per al tractament de les teves dades personals que pot ser per a una o diverses finalitats espec\u00edfiques sobre les quals t'informar\u00e0 pr\u00e8viament amb absoluta transpar\u00e8ncia.<\/p><p class=\"translation-block\"><strong><span style=\"color: #003366\">Principi de minimitzaci\u00f3 de dades<\/span><\/strong>: easyhomedomotica et sol\u00b7licitar\u00e0 nom\u00e9s les dades estrictament necess\u00e0ries per a la finalitat o fins que les sol\u00b7licita.<\/p><p class=\"translation-block\"><span style=\"color: #003366\"><strong>Principi de limitaci\u00f3 del termini de conservaci\u00f3<\/strong><\/span>: Les dades es mantindran durant el temps estrictament necessari per a la fi o fins del tractament.<\/p><p>easyhomedomotica.com us informar\u00e0 del termini de conservaci\u00f3 corresponent segons la finalitat. En el cas de subscripcions, easyhomedomotica.com revisar\u00e0 peri\u00f2dicament les llistes i eliminar\u00e0 aquells registres inactius durant un temps considerable.<\/p><p><strong><span style=\"color: #003366;\">Principi d'integritat i confidencialitat:<\/span> <\/strong><\/p><p>Les teves dades seran tractades de manera que la seva seguretat, confidencialitat i integritat estigui garantida. Has de saber que easyhomedomotica pren les precaucions necess\u00e0ries per evitar l'acc\u00e9s no autoritzat o \u00fas indegut de les dades dels usuaris per part de tercers.<\/p><p class=\"translation-block\"><span style=\"color: #003366\">Obtenci\u00f3 de dades personals<\/span><br>Per navegar per easyhomedomotica.com, no cal que facilitis cap dada personal. Els casos en qu\u00e8 s\u00ed que proporciones les teves dades personals s\u00f3n els seg\u00fcents:<\/p><ul style=\"list-style-type: disc;\"><li>En contactar a trav\u00e9s dels formularis de contacte o enviar un correu electr\u00f2nic.<\/li><li>En fer un comentari en un article o p\u00e0gina.<\/li><li>Al inscribirte en un formulario de suscripci\u00f3n o un bolet\u00edn que easyhomedomotica gestiona con MailChimp.<\/li><li>Al inscribirte en un formulario de suscripci\u00f3n o un bolet\u00edn que\u00a0 easyhomedomotica.com gestiona con MailRelay.<\/li><li>Al inscribirte en un formulario de suscripci\u00f3n o un bolet\u00edn que easyhomedomotica.com gestiona con SendinBlue.<\/li><\/ul><p><span style=\"color: #003366;\"><strong>ELS TEUS DRETS:<\/strong><\/span>:\u00a0<\/p><p>Easyhomedomotica t'informa que sobre les teves dades personals tens dret a:<\/p><ul style=\"list-style-type: disc;\"><li>Sol\u00b7licitar l'acc\u00e9s a les dades emmagatzemades.<\/li><li>Sol\u00b7licitar una rectificaci\u00f3 o la cancel\u00b7laci\u00f3.<\/li><li>Sol\u00b7licitar la limitaci\u00f3 del tractament.<\/li><li>Oposar-te al tractament<\/li><li>Sol\u00b7licitar la portabilitat de les teves dades.<\/li><li>L'exercici d'aquests drets \u00e9s personal i per tant ha de ser exercit directament per l'interessat, sol\u00b7licitant-ho directament easyhomedomotica, cosa que significa que qualsevol client, subscriptor o col\u00b7laborador que hagi facilitat les dades en algun moment pot adre\u00e7ar-se al Titular i demanar informaci\u00f3 sobre els dades que t\u00e9 emmagatzemades i com les ha obtingut, sol\u00b7licitar-ne la rectificaci\u00f3, sol\u00b7licitar la portabilitat de les seves dades personals, oposar-se al tractament, limitar-ne l'\u00fas o sol\u00b7licitar la cancel\u00b7laci\u00f3 d'aquestes dades als fitxers del Titular.<\/li><\/ul><p>Per exercitar els vostres drets d'acc\u00e9s, rectificaci\u00f3, cancel\u00b7laci\u00f3, portabilitat i oposici\u00f3 heu d'enviar un correu electr\u00f2nic a info@easyhomedomotica.com juntament amb la prova v\u00e0lida en dret com una fotoc\u00f2pia del D.N.I. o equivalent.<\/p><p>Teniu dret a la tutela judicial efectiva ia presentar una reclamaci\u00f3 davant l'autoritat de control, en aquest cas, l'Ag\u00e8ncia Espanyola de Protecci\u00f3 de Dades, si considereu que el tractament de dades personals que us concerneixen infringeix el Reglament.<\/p><p><span style=\"color: #003366;\"><strong>FINALITAT DEL TRACTAMENT DE DADES PERSONALS:<\/strong><\/span><\/p><p class=\"translation-block\">Quan us connecteu al lloc web per enviar un correu a easyhomedomotica, us subscriviu al vostre butllet\u00ed o feu una contractaci\u00f3, esteu facilitant informaci\u00f3 de car\u00e0cter personal de la qual el responsable \u00e9s el Titular. Aquesta informaci\u00f3 pot incloure dades de car\u00e0cter personal com ara la vostra adre\u00e7a IP, nom i cognoms, adre\u00e7a f\u00edsica, adre\u00e7a de correu electr\u00f2nic, n\u00famero de tel\u00e8fon, i altra informaci\u00f3. En facilitar aquesta informaci\u00f3, d\u00f3nes el teu consentiment perqu\u00e8 la teva informaci\u00f3 sigui recopilada, utilitzada, gestionada i emmagatzemada per superadmin.es , nom\u00e9s com es descriu a l'Av\u00eds Legal ia la present Pol\u00edtica de Privadesa.<\/p><p>Les dades personals i la finalitat del tractament per part de easyhomedomotica s\u00f3n diferents segons el sistema de captura d'informaci\u00f3:<\/p><p class=\"translation-block\"><strong>Formularis de contacte:<\/strong> Easyhomedomotica.com sol\u00b7licita dades personals entre les quals poden estar: Nom i cognoms, adre\u00e7a de correu electr\u00f2nic, n\u00famero de tel\u00e8fon i adre\u00e7a del vostre lloc web amb la finalitat de respondre a les vostres consultes.<\/p><p><span style=\"font-size: 10pt;\">Per exemple, easyhomedomotica utilitza aquestes dades per donar resposta als teus missatges, dubtes, queixes, comentaris o inquietuds que puguis tenir relatives a la informaci\u00f3 inclosa al lloc web, els serveis que es presten a trav\u00e9s del lloc web, el tractament dels teus dades personals, q\u00fcestions referents als textos legals inclosos al lloc web, aix\u00ed com qualsevol altra consulta que puguis tenir i que no estigui subjecta a les condicions del lloc web o de la contractaci\u00f3.<\/span><\/p><p class=\"translation-block\"><br><strong>Formularis de subscripci\u00f3 a continguts:<\/strong> easyhomedomotica.com sol\u00b7licita les dades personals seg\u00fcents: Nom i cognoms, adre\u00e7a de correu electr\u00f2nic, n\u00famero de tel\u00e8fon i adre\u00e7a del vostre lloc web per gestionar la llista de subscripcions, enviar butlletins, promocions i ofertes especials.<\/p><p>Les dades que facilitis a easyhomedomotica estaran ubicades als servidors de IONOS.es Espa\u00f1a.<\/p><p><strong>Hi ha altres finalitats per les quals easyhomedomotica tracta les teves dades personals:<\/strong><\/p><p>Per garantir el compliment de les condicions recollides a l'Av\u00eds Legal ia la llei aplicable. Aix\u00f2 pot incloure el desenvolupament d'eines i algorismes que ajudin aquest lloc web a garantir la confidencialitat de les dades personals que recull.<\/p><p>Per donar suport i millorar els serveis que ofereix aquest lloc web.<\/p><p>Per analitzar la navegaci\u00f3. easyhomedomotica.com recull altres dades no identificatives que s'obtenen mitjan\u00e7ant l'\u00fas de cookies que es descarreguen al teu ordinador quan navegues pel lloc web les caracter\u00edstiques i finalitat del qual estan detallades a la Pol\u00edtica de Cookies<\/p><p>Per gestionar les xarxes socials, easyhomedomotica.com t\u00e9 pres\u00e8ncia a xarxes socials. Si et fas seguidor a les xarxes socials d'easyhomedomotica.com el tractament de les dades personals es regir\u00e0 per aquest apartat, aix\u00ed com per aquelles condicions d'\u00fas, pol\u00edtiques de privadesa i normatives d'acc\u00e9s que pertanyin a la xarxa social que sigui procedent en cada cas i que has acceptat pr\u00e8viament.<\/p><p>Pots consultar les pol\u00edtiques de privadesa de les principals xarxes socials en aquests enlla\u00e7os:<\/p><p>Twitter<br \/>Linkedin<br \/>YouTube<br \/>Instagram<\/p><p>easyhomedomotica.com tractar\u00e0 les teves dades personals amb la finalitat d'administrar correctament la seva pres\u00e8ncia a la xarxa social, informar-te de les activitats, productes o serveis, aix\u00ed com per a qualsevol altra finalitat que les normatives de les xarxes socials permetin.<\/p><p>En cap cas easyhomedomotica.com no utilitzar\u00e0 els perfils de seguidors en xarxes socials per enviar publicitat de manera individual.<\/p>\t\t\t\t\t\t\t\t<\/div>\n\t\t\t\t<\/div>\n\t\t\t\t<\/div>\n\t\t\t\t<\/div>","protected":false},"excerpt":{"rendered":"<p>POL\u00cdTICA DE PRIVADIDAD EASYHOMEDOMOTICA.COM, te informa sobre su Pol\u00edtica de Privacidad respecto del tratamiento y protecci\u00f3n de los datos de car\u00e1cter personal de los usuarios y clientes que puedan ser recabados por la navegaci\u00f3n o contrataci\u00f3n de servicios a trav\u00e9s del sitio https:\/\/easyhomedomotica.com. En este sentido, easyhomedomotica.com garantiza el cumplimiento de la normativa vigente en [&hellip;]<\/p>\n","protected":false},"author":1,"featured_media":0,"parent":0,"menu_order":0,"comment_status":"closed","ping_status":"closed","template":"","meta":{"om_disable_all_campaigns":false,"_monsterinsights_skip_tracking":false,"_monsterinsights_sitenote_active":false,"_monsterinsights_sitenote_note":"","_monsterinsights_sitenote_category":0,"_price":"","_stock":"","_tribe_ticket_header":"","_tribe_default_ticket_provider":"","_tribe_ticket_capacity":"0","_ticket_start_date":"","_ticket_end_date":"","_tribe_ticket_show_description":"","_tribe_ticket_show_not_going":false,"_tribe_ticket_use_global_stock":"","_tribe_ticket_global_stock_level":"","_global_stock_mode":"","_global_stock_cap":"","_tribe_rsvp_for_event":"","_tribe_ticket_going_count":"","_tribe_ticket_not_going_count":"","_tribe_tickets_list":"[]","_tribe_ticket_has_attendee_info_fields":false,"footnotes":"","_tec_slr_enabled":"","_tec_slr_layout":""},"class_list":["post-5572","page","type-page","status-publish","hentry"],"yoast_head":"<!-- This site is optimized with the Yoast SEO plugin v25.5 - https:\/\/yoast.com\/wordpress\/plugins\/seo\/ -->\n<title>Pol\u00edtica de privacidad - easyhomedomotica.com<\/title>\n<meta name=\"description\" content=\"Pol\u00edtica de privacidad - easyhomedomotica.com\" \/>\n<meta name=\"robots\" content=\"index, follow, max-snippet:-1, max-image-preview:large, max-video-preview:-1\" \/>\n<link rel=\"canonical\" href=\"https:\/\/easyhomedomotica.com\/ca\/politica-de-privacidad\/\" \/>\n<meta property=\"og:locale\" content=\"ca_ES\" \/>\n<meta property=\"og:type\" content=\"article\" \/>\n<meta property=\"og:title\" content=\"Pol\u00edtica de privacidad - easyhomedomotica.com\" \/>\n<meta property=\"og:description\" content=\"Pol\u00edtica de privacidad - easyhomedomotica.com\" \/>\n<meta property=\"og:url\" content=\"https:\/\/easyhomedomotica.com\/ca\/politica-de-privacidad\/\" \/>\n<meta property=\"og:site_name\" content=\"easyhomedomotica.com\" \/>\n<meta property=\"article:modified_time\" content=\"2023-06-15T07:27:36+00:00\" \/>\n<meta name=\"twitter:card\" content=\"summary_large_image\" \/>\n<meta name=\"twitter:label1\" content=\"Temps estimat de lectura\" \/>\n\t<meta name=\"twitter:data1\" content=\"6 minuts\" \/>\n<script type=\"application\/ld+json\" class=\"yoast-schema-graph\">{\"@context\":\"https:\/\/schema.org\",\"@graph\":[{\"@type\":\"WebPage\",\"@id\":\"https:\/\/easyhomedomotica.com\/politica-de-privacidad\/\",\"url\":\"https:\/\/easyhomedomotica.com\/politica-de-privacidad\/\",\"name\":\"Pol\u00edtica de privacidad - easyhomedomotica.com\",\"isPartOf\":{\"@id\":\"https:\/\/easyhomedomotica.com\/#website\"},\"datePublished\":\"2023-06-14T11:37:49+00:00\",\"dateModified\":\"2023-06-15T07:27:36+00:00\",\"description\":\"Pol\u00edtica de privacidad - easyhomedomotica.com\",\"breadcrumb\":{\"@id\":\"https:\/\/easyhomedomotica.com\/politica-de-privacidad\/#breadcrumb\"},\"inLanguage\":\"ca\",\"potentialAction\":[{\"@type\":\"ReadAction\",\"target\":[\"https:\/\/easyhomedomotica.com\/politica-de-privacidad\/\"]}]},{\"@type\":\"BreadcrumbList\",\"@id\":\"https:\/\/easyhomedomotica.com\/politica-de-privacidad\/#breadcrumb\",\"itemListElement\":[{\"@type\":\"ListItem\",\"position\":1,\"name\":\"Portada\",\"item\":\"https:\/\/easyhomedomotica.com\/\"},{\"@type\":\"ListItem\",\"position\":2,\"name\":\"Pol\u00edtica de privacidad\"}]},{\"@type\":\"WebSite\",\"@id\":\"https:\/\/easyhomedomotica.com\/#website\",\"url\":\"https:\/\/easyhomedomotica.com\/\",\"name\":\"easyhomedomotica.com\",\"description\":\"Empresa especializada en dom\u00f3tica inal\u00e1mbrica para la instalaci\u00f3n de componentes de automatizaci\u00f3n dom\u00f3tica con asistentes virtuales controlados por voz, m\u00f3vil o ordenador\",\"potentialAction\":[{\"@type\":\"SearchAction\",\"target\":{\"@type\":\"EntryPoint\",\"urlTemplate\":\"https:\/\/easyhomedomotica.com\/?s={search_term_string}\"},\"query-input\":{\"@type\":\"PropertyValueSpecification\",\"valueRequired\":true,\"valueName\":\"search_term_string\"}}],\"inLanguage\":\"ca\"}]}<\/script>\n<!-- \/ Yoast SEO plugin. -->","yoast_head_json":{"title":"Pol\u00edtica de privacidad - easyhomedomotica.com","description":"Pol\u00edtica de privacidad - easyhomedomotica.com","robots":{"index":"index","follow":"follow","max-snippet":"max-snippet:-1","max-image-preview":"max-image-preview:large","max-video-preview":"max-video-preview:-1"},"canonical":"https:\/\/easyhomedomotica.com\/ca\/politica-de-privacidad\/","og_locale":"ca_ES","og_type":"article","og_title":"Pol\u00edtica de privacidad - easyhomedomotica.com","og_description":"Pol\u00edtica de privacidad - easyhomedomotica.com","og_url":"https:\/\/easyhomedomotica.com\/ca\/politica-de-privacidad\/","og_site_name":"easyhomedomotica.com","article_modified_time":"2023-06-15T07:27:36+00:00","twitter_card":"summary_large_image","twitter_misc":{"Temps estimat de lectura":"6 minuts"},"schema":{"@context":"https:\/\/schema.org","@graph":[{"@type":"WebPage","@id":"https:\/\/easyhomedomotica.com\/politica-de-privacidad\/","url":"https:\/\/easyhomedomotica.com\/politica-de-privacidad\/","name":"Pol\u00edtica de privacidad - easyhomedomotica.com","isPartOf":{"@id":"https:\/\/easyhomedomotica.com\/#website"},"datePublished":"2023-06-14T11:37:49+00:00","dateModified":"2023-06-15T07:27:36+00:00","description":"Pol\u00edtica de privacidad - easyhomedomotica.com","breadcrumb":{"@id":"https:\/\/easyhomedomotica.com\/politica-de-privacidad\/#breadcrumb"},"inLanguage":"ca","potentialAction":[{"@type":"ReadAction","target":["https:\/\/easyhomedomotica.com\/politica-de-privacidad\/"]}]},{"@type":"BreadcrumbList","@id":"https:\/\/easyhomedomotica.com\/politica-de-privacidad\/#breadcrumb","itemListElement":[{"@type":"ListItem","position":1,"name":"Portada","item":"https:\/\/easyhomedomotica.com\/"},{"@type":"ListItem","position":2,"name":"Pol\u00edtica de privacidad"}]},{"@type":"WebSite","@id":"https:\/\/easyhomedomotica.com\/#website","url":"https:\/\/easyhomedomotica.com\/","name":"easyhomedomotica.com","description":"Empresa especializada en dom\u00f3tica inal\u00e1mbrica para la instalaci\u00f3n de componentes de automatizaci\u00f3n dom\u00f3tica con asistentes virtuales controlados por voz, m\u00f3vil o ordenador","potentialAction":[{"@type":"SearchAction","target":{"@type":"EntryPoint","urlTemplate":"https:\/\/easyhomedomotica.com\/?s={search_term_string}"},"query-input":{"@type":"PropertyValueSpecification","valueRequired":true,"valueName":"search_term_string"}}],"inLanguage":"ca"}]}},"ticketed":false,"_links":{"self":[{"href":"https:\/\/easyhomedomotica.com\/ca\/wp-json\/wp\/v2\/pages\/5572"}],"collection":[{"href":"https:\/\/easyhomedomotica.com\/ca\/wp-json\/wp\/v2\/pages"}],"about":[{"href":"https:\/\/easyhomedomotica.com\/ca\/wp-json\/wp\/v2\/types\/page"}],"author":[{"embeddable":true,"href":"https:\/\/easyhomedomotica.com\/ca\/wp-json\/wp\/v2\/users\/1"}],"replies":[{"embeddable":true,"href":"https:\/\/easyhomedomotica.com\/ca\/wp-json\/wp\/v2\/comments?post=5572"}],"version-history":[{"count":40,"href":"https:\/\/easyhomedomotica.com\/ca\/wp-json\/wp\/v2\/pages\/5572\/revisions"}],"predecessor-version":[{"id":5654,"href":"https:\/\/easyhomedomotica.com\/ca\/wp-json\/wp\/v2\/pages\/5572\/revisions\/5654"}],"wp:attachment":[{"href":"https:\/\/easyhomedomotica.com\/ca\/wp-json\/wp\/v2\/media?parent=5572"}],"curies":[{"name":"wp","href":"https:\/\/api.w.org\/{rel}","templated":true}]}}