{"id":6371,"date":"2024-01-15T10:26:03","date_gmt":"2024-01-15T10:26:03","guid":{"rendered":"https:\/\/easyhomedomotica.com\/?page_id=6371"},"modified":"2024-01-16T12:42:10","modified_gmt":"2024-01-16T12:42:10","slug":"easycare-home-informacion","status":"publish","type":"page","link":"https:\/\/easyhomedomotica.com\/ca\/easycare-home-informacion\/","title":{"rendered":"EASYCARE HOME INFORMACI\u00d3N"},"content":{"rendered":"\t\t<div data-elementor-type=\"wp-page\" data-elementor-id=\"6371\" class=\"elementor elementor-6371\">\n\t\t\t\t<div class=\"elementor-element elementor-element-b1dac5a e-flex e-con-boxed e-con e-parent\" data-id=\"b1dac5a\" data-element_type=\"container\" data-e-type=\"container\" data-settings=\"{&quot;jet_parallax_layout_list&quot;:[]}\">\n\t\t\t\t\t<div class=\"e-con-inner\">\n\t\t\t\t<div class=\"elementor-element elementor-element-fde2aa5 elementor-widget elementor-widget-image\" data-id=\"fde2aa5\" data-element_type=\"widget\" data-e-type=\"widget\" data-widget_type=\"image.default\">\n\t\t\t\t<div class=\"elementor-widget-container\">\n\t\t\t\t\t\t\t\t\t\t\t\t\t\t\t<img decoding=\"async\" width=\"150\" height=\"150\" src=\"https:\/\/easyhomedomotica.com\/wp-content\/uploads\/2024\/01\/LOGO-EASY-CARE-TRANSMPARENTE-150x150.png\" class=\"attachment-thumbnail size-thumbnail wp-image-6602\" alt=\"\" srcset=\"https:\/\/easyhomedomotica.com\/wp-content\/uploads\/2024\/01\/LOGO-EASY-CARE-TRANSMPARENTE-150x150.png 150w, https:\/\/easyhomedomotica.com\/wp-content\/uploads\/2024\/01\/LOGO-EASY-CARE-TRANSMPARENTE-230x230.png 230w\" sizes=\"(max-width: 150px) 100vw, 150px\" \/>\t\t\t\t\t\t\t\t\t\t\t\t\t\t\t<\/div>\n\t\t\t\t<\/div>\n\t\t\t\t\t<\/div>\n\t\t\t\t<\/div>\n\t\t<div class=\"elementor-element elementor-element-f459cfc e-flex e-con-boxed e-con e-parent\" data-id=\"f459cfc\" data-element_type=\"container\" data-e-type=\"container\" data-settings=\"{&quot;jet_parallax_layout_list&quot;:[]}\">\n\t\t\t\t\t<div class=\"e-con-inner\">\n\t\t\t\t<div class=\"elementor-element elementor-element-e4aacfc elementor-widget elementor-widget-text-editor\" data-id=\"e4aacfc\" data-element_type=\"widget\" data-e-type=\"widget\" data-widget_type=\"text-editor.default\">\n\t\t\t\t<div class=\"elementor-widget-container\">\n\t\t\t\t\t\t\t\t\t<p style=\"text-align: center;\"><span style=\"font-size: 14pt;\"><strong><span style=\"color: #000080;\">COMPLETA NUESTRO FORMULARIO DE CONTACTO PARA QUE PODAMOS PONERNOS EN CONTACTO<\/span> CONTIGO.<\/strong><\/span><\/p>\t\t\t\t\t\t\t\t<\/div>\n\t\t\t\t<\/div>\n\t\t\t\t\t<\/div>\n\t\t\t\t<\/div>\n\t\t<div class=\"elementor-element elementor-element-2cf84bd e-flex e-con-boxed e-con e-parent\" data-id=\"2cf84bd\" data-element_type=\"container\" data-e-type=\"container\" data-settings=\"{&quot;jet_parallax_layout_list&quot;:[],&quot;background_background&quot;:&quot;classic&quot;}\">\n\t\t\t\t\t<div class=\"e-con-inner\">\n\t\t\t\t<div class=\"elementor-element elementor-element-6394a2f elementor-widget elementor-widget-wpforms\" data-id=\"6394a2f\" data-element_type=\"widget\" data-e-type=\"widget\" data-widget_type=\"wpforms.default\">\n\t\t\t\t<div class=\"elementor-widget-container\">\n\t\t\t\t\t<style id=\"wpforms-css-vars-elementor-widget-6394a2f\">\n\t\t\t\t.elementor-widget-wpforms.elementor-element-6394a2f {\n\t\t\t\t--wpforms-field-border-color: #000000E0;\n--wpforms-field-border-color-spare: #000000E0;\n--wpforms-field-text-color: #063970;\n\t\t\t}\n\t\t\t<\/style><div class=\"wpforms-container wpforms-container-full wpforms-render-modern\" id=\"wpforms-6376\"><form id=\"wpforms-form-6376\" class=\"wpforms-validate wpforms-form wpforms-ajax-form\" data-formid=\"6376\" method=\"post\" enctype=\"multipart\/form-data\" action=\"\/ca\/wp-json\/wp\/v2\/pages\/6371\" data-token=\"e176e4e90ba9b38ee893fd8ecdcc0312\" data-token-time=\"1777476273\"><noscript class=\"wpforms-error-noscript\">Activeu el JavaScript al navegador per a poder completar el formulari.<\/noscript><div id=\"wpforms-error-noscript\" style=\"display: none;\">Activeu el JavaScript al navegador per a poder completar el formulari.<\/div><div class=\"wpforms-field-container\"><div id=\"wpforms-6376-field_0-container\" class=\"wpforms-field wpforms-field-name\" data-field-id=\"0\"><fieldset><legend class=\"wpforms-field-label\">Nombre <span class=\"wpforms-required-label\" aria-hidden=\"true\">*<\/span><\/legend><div class=\"wpforms-field-row wpforms-field-medium\"><div class=\"wpforms-field-row-block wpforms-first wpforms-one-half\"><input type=\"text\" id=\"wpforms-6376-field_0\" class=\"wpforms-field-name-first wpforms-field-required\" name=\"wpforms[fields][0][first]\" aria-errormessage=\"wpforms-6376-field_0-error\" required><label for=\"wpforms-6376-field_0\" class=\"wpforms-field-sublabel after\">Nom<\/label><\/div><div class=\"wpforms-field-row-block wpforms-one-half\"><input type=\"text\" id=\"wpforms-6376-field_0-last\" class=\"wpforms-field-name-last wpforms-field-required\" name=\"wpforms[fields][0][last]\" aria-errormessage=\"wpforms-6376-field_0-last-error\" required><label for=\"wpforms-6376-field_0-last\" class=\"wpforms-field-sublabel after\">Cognoms<\/label><\/div><\/div><\/fieldset><\/div><div id=\"wpforms-6376-field_1-container\" class=\"wpforms-field wpforms-field-email\" data-field-id=\"1\"><label class=\"wpforms-field-label\" for=\"wpforms-6376-field_1\">Correo electr\u00f3nico <span class=\"wpforms-required-label\" aria-hidden=\"true\">*<\/span><\/label><input type=\"email\" id=\"wpforms-6376-field_1\" class=\"wpforms-field-medium wpforms-field-required\" name=\"wpforms[fields][1]\" spellcheck=\"false\" aria-errormessage=\"wpforms-6376-field_1-error\" required><\/div><div id=\"wpforms-6376-field_2-container\" class=\"wpforms-field wpforms-field-textarea\" data-field-id=\"2\"><label class=\"wpforms-field-label\" for=\"wpforms-6376-field_2\">Detallanos que es lo que necesitas <\/label><textarea id=\"wpforms-6376-field_2\" class=\"wpforms-field-medium\" name=\"wpforms[fields][2]\" aria-errormessage=\"wpforms-6376-field_2-error\" ><\/textarea><\/div><\/div><!-- .wpforms-field-container --><div class=\"wpforms-submit-container\" ><input type=\"hidden\" name=\"wpforms[id]\" value=\"6376\"><input type=\"hidden\" name=\"page_title\" value=\"\"><input type=\"hidden\" name=\"page_url\" value=\"https:\/\/easyhomedomotica.com\/ca\/wp-json\/wp\/v2\/pages\/6371\"><input type=\"hidden\" name=\"url_referer\" value=\"\"><button type=\"submit\" name=\"wpforms[submit]\" id=\"wpforms-submit-6376\" class=\"wpforms-submit\" data-alt-text=\"Enviando...\" data-submit-text=\"Enviar\" aria-live=\"assertive\" value=\"wpforms-submit\">Enviar<\/button><img decoding=\"async\" src=\"https:\/\/easyhomedomotica.com\/wp-content\/plugins\/wpforms-lite\/assets\/images\/submit-spin.svg\" class=\"wpforms-submit-spinner\" style=\"display: none;\" width=\"26\" height=\"26\" alt=\"S&#039;est\u00e0 carregant\"><\/div><\/form><\/div>  <!-- .wpforms-container -->\t\t\t\t<\/div>\n\t\t\t\t<\/div>\n\t\t\t\t\t<\/div>\n\t\t\t\t<\/div>\n\t\t\t\t<\/div>\n\t\t","protected":false},"excerpt":{"rendered":"<p>COMPLETA NUESTRO FORMULARIO DE CONTACTO PARA QUE PODAMOS PONERNOS EN CONTACTO CONTIGO. Por favor, activa JavaScript en tu navegador para completar este formulario.Por favor, activa JavaScript en tu navegador para completar este formulario. Nombre * NombreApellidos Correo electr\u00f3nico *Detallanos que es lo que necesitas Enviar<\/p>","protected":false},"author":1,"featured_media":0,"parent":0,"menu_order":0,"comment_status":"closed","ping_status":"closed","template":"","meta":{"om_disable_all_campaigns":false,"_monsterinsights_skip_tracking":false,"_monsterinsights_sitenote_active":false,"_monsterinsights_sitenote_note":"","_monsterinsights_sitenote_category":0,"_price":"","_stock":"","_tribe_ticket_header":"","_tribe_default_ticket_provider":"","_tribe_ticket_capacity":"0","_ticket_start_date":"","_ticket_end_date":"","_tribe_ticket_show_description":"","_tribe_ticket_show_not_going":false,"_tribe_ticket_use_global_stock":"","_tribe_ticket_global_stock_level":"","_global_stock_mode":"","_global_stock_cap":"","_tribe_rsvp_for_event":"","_tribe_ticket_going_count":"","_tribe_ticket_not_going_count":"","_tribe_tickets_list":"[]","_tribe_ticket_has_attendee_info_fields":false,"footnotes":"","_tec_slr_enabled":"","_tec_slr_layout":""},"class_list":["post-6371","page","type-page","status-publish","hentry"],"yoast_head":"<!-- This site is optimized with the Yoast SEO plugin v25.5 - https:\/\/yoast.com\/wordpress\/plugins\/seo\/ -->\n<title>EASYCARE HOME INFORMACI\u00d3N - easyhomedomotica.com<\/title>\n<meta name=\"description\" content=\"EASYCARE HOME INFORMACI\u00d3N - easyhomedomotica.com\" \/>\n<meta name=\"robots\" content=\"index, follow, max-snippet:-1, max-image-preview:large, max-video-preview:-1\" \/>\n<link rel=\"canonical\" href=\"https:\/\/easyhomedomotica.com\/ca\/easycare-home-informacion\/\" \/>\n<meta property=\"og:locale\" content=\"ca_ES\" \/>\n<meta property=\"og:type\" content=\"article\" \/>\n<meta property=\"og:title\" content=\"EASYCARE HOME INFORMACI\u00d3N - easyhomedomotica.com\" \/>\n<meta property=\"og:description\" content=\"EASYCARE HOME INFORMACI\u00d3N - easyhomedomotica.com\" \/>\n<meta property=\"og:url\" content=\"https:\/\/easyhomedomotica.com\/ca\/easycare-home-informacion\/\" \/>\n<meta property=\"og:site_name\" content=\"easyhomedomotica.com\" \/>\n<meta property=\"article:modified_time\" content=\"2024-01-16T12:42:10+00:00\" \/>\n<meta property=\"og:image\" content=\"https:\/\/easyhomedomotica.com\/wp-content\/uploads\/2024\/01\/LOGO-EASY-CARE-TRANSMPARENTE-150x150.png\" \/>\n<meta name=\"twitter:card\" content=\"summary_large_image\" \/>\n<meta name=\"twitter:label1\" content=\"Temps estimat de lectura\" \/>\n\t<meta name=\"twitter:data1\" content=\"1 minut\" \/>\n<script type=\"application\/ld+json\" class=\"yoast-schema-graph\">{\"@context\":\"https:\/\/schema.org\",\"@graph\":[{\"@type\":\"WebPage\",\"@id\":\"https:\/\/easyhomedomotica.com\/easycare-home-informacion\/\",\"url\":\"https:\/\/easyhomedomotica.com\/easycare-home-informacion\/\",\"name\":\"EASYCARE HOME INFORMACI\u00d3N - easyhomedomotica.com\",\"isPartOf\":{\"@id\":\"https:\/\/easyhomedomotica.com\/#website\"},\"primaryImageOfPage\":{\"@id\":\"https:\/\/easyhomedomotica.com\/easycare-home-informacion\/#primaryimage\"},\"image\":{\"@id\":\"https:\/\/easyhomedomotica.com\/easycare-home-informacion\/#primaryimage\"},\"thumbnailUrl\":\"https:\/\/easyhomedomotica.com\/wp-content\/uploads\/2024\/01\/LOGO-EASY-CARE-TRANSMPARENTE-150x150.png\",\"datePublished\":\"2024-01-15T10:26:03+00:00\",\"dateModified\":\"2024-01-16T12:42:10+00:00\",\"description\":\"EASYCARE HOME INFORMACI\u00d3N - easyhomedomotica.com\",\"breadcrumb\":{\"@id\":\"https:\/\/easyhomedomotica.com\/easycare-home-informacion\/#breadcrumb\"},\"inLanguage\":\"ca\",\"potentialAction\":[{\"@type\":\"ReadAction\",\"target\":[\"https:\/\/easyhomedomotica.com\/easycare-home-informacion\/\"]}]},{\"@type\":\"ImageObject\",\"inLanguage\":\"ca\",\"@id\":\"https:\/\/easyhomedomotica.com\/easycare-home-informacion\/#primaryimage\",\"url\":\"https:\/\/easyhomedomotica.com\/wp-content\/uploads\/2024\/01\/LOGO-EASY-CARE-TRANSMPARENTE-150x150.png\",\"contentUrl\":\"https:\/\/easyhomedomotica.com\/wp-content\/uploads\/2024\/01\/LOGO-EASY-CARE-TRANSMPARENTE-150x150.png\"},{\"@type\":\"BreadcrumbList\",\"@id\":\"https:\/\/easyhomedomotica.com\/easycare-home-informacion\/#breadcrumb\",\"itemListElement\":[{\"@type\":\"ListItem\",\"position\":1,\"name\":\"Portada\",\"item\":\"https:\/\/easyhomedomotica.com\/\"},{\"@type\":\"ListItem\",\"position\":2,\"name\":\"EASYCARE HOME INFORMACI\u00d3N\"}]},{\"@type\":\"WebSite\",\"@id\":\"https:\/\/easyhomedomotica.com\/#website\",\"url\":\"https:\/\/easyhomedomotica.com\/\",\"name\":\"easyhomedomotica.com\",\"description\":\"Empresa especializada en dom\u00f3tica inal\u00e1mbrica para la instalaci\u00f3n de componentes de automatizaci\u00f3n dom\u00f3tica con asistentes virtuales controlados por voz, m\u00f3vil o ordenador\",\"potentialAction\":[{\"@type\":\"SearchAction\",\"target\":{\"@type\":\"EntryPoint\",\"urlTemplate\":\"https:\/\/easyhomedomotica.com\/?s={search_term_string}\"},\"query-input\":{\"@type\":\"PropertyValueSpecification\",\"valueRequired\":true,\"valueName\":\"search_term_string\"}}],\"inLanguage\":\"ca\"}]}<\/script>\n<!-- \/ Yoast SEO plugin. -->","yoast_head_json":{"title":"EASYCARE HOME INFORMACI\u00d3N - easyhomedomotica.com","description":"EASYCARE HOME INFORMACI\u00d3N - easyhomedomotica.com","robots":{"index":"index","follow":"follow","max-snippet":"max-snippet:-1","max-image-preview":"max-image-preview:large","max-video-preview":"max-video-preview:-1"},"canonical":"https:\/\/easyhomedomotica.com\/ca\/easycare-home-informacion\/","og_locale":"ca_ES","og_type":"article","og_title":"EASYCARE HOME INFORMACI\u00d3N - easyhomedomotica.com","og_description":"EASYCARE HOME INFORMACI\u00d3N - easyhomedomotica.com","og_url":"https:\/\/easyhomedomotica.com\/ca\/easycare-home-informacion\/","og_site_name":"easyhomedomotica.com","article_modified_time":"2024-01-16T12:42:10+00:00","og_image":[{"url":"https:\/\/easyhomedomotica.com\/wp-content\/uploads\/2024\/01\/LOGO-EASY-CARE-TRANSMPARENTE-150x150.png","type":"","width":"","height":""}],"twitter_card":"summary_large_image","twitter_misc":{"Temps estimat de lectura":"1 minut"},"schema":{"@context":"https:\/\/schema.org","@graph":[{"@type":"WebPage","@id":"https:\/\/easyhomedomotica.com\/easycare-home-informacion\/","url":"https:\/\/easyhomedomotica.com\/easycare-home-informacion\/","name":"EASYCARE HOME INFORMACI\u00d3N - easyhomedomotica.com","isPartOf":{"@id":"https:\/\/easyhomedomotica.com\/#website"},"primaryImageOfPage":{"@id":"https:\/\/easyhomedomotica.com\/easycare-home-informacion\/#primaryimage"},"image":{"@id":"https:\/\/easyhomedomotica.com\/easycare-home-informacion\/#primaryimage"},"thumbnailUrl":"https:\/\/easyhomedomotica.com\/wp-content\/uploads\/2024\/01\/LOGO-EASY-CARE-TRANSMPARENTE-150x150.png","datePublished":"2024-01-15T10:26:03+00:00","dateModified":"2024-01-16T12:42:10+00:00","description":"EASYCARE HOME INFORMACI\u00d3N - easyhomedomotica.com","breadcrumb":{"@id":"https:\/\/easyhomedomotica.com\/easycare-home-informacion\/#breadcrumb"},"inLanguage":"ca","potentialAction":[{"@type":"ReadAction","target":["https:\/\/easyhomedomotica.com\/easycare-home-informacion\/"]}]},{"@type":"ImageObject","inLanguage":"ca","@id":"https:\/\/easyhomedomotica.com\/easycare-home-informacion\/#primaryimage","url":"https:\/\/easyhomedomotica.com\/wp-content\/uploads\/2024\/01\/LOGO-EASY-CARE-TRANSMPARENTE-150x150.png","contentUrl":"https:\/\/easyhomedomotica.com\/wp-content\/uploads\/2024\/01\/LOGO-EASY-CARE-TRANSMPARENTE-150x150.png"},{"@type":"BreadcrumbList","@id":"https:\/\/easyhomedomotica.com\/easycare-home-informacion\/#breadcrumb","itemListElement":[{"@type":"ListItem","position":1,"name":"Portada","item":"https:\/\/easyhomedomotica.com\/"},{"@type":"ListItem","position":2,"name":"EASYCARE HOME INFORMACI\u00d3N"}]},{"@type":"WebSite","@id":"https:\/\/easyhomedomotica.com\/#website","url":"https:\/\/easyhomedomotica.com\/","name":"easyhomedomotica.com","description":"Empresa especializada en dom\u00f3tica inal\u00e1mbrica para la instalaci\u00f3n de componentes de automatizaci\u00f3n dom\u00f3tica con asistentes virtuales controlados por voz, m\u00f3vil o ordenador","potentialAction":[{"@type":"SearchAction","target":{"@type":"EntryPoint","urlTemplate":"https:\/\/easyhomedomotica.com\/?s={search_term_string}"},"query-input":{"@type":"PropertyValueSpecification","valueRequired":true,"valueName":"search_term_string"}}],"inLanguage":"ca"}]}},"ticketed":false,"_links":{"self":[{"href":"https:\/\/easyhomedomotica.com\/ca\/wp-json\/wp\/v2\/pages\/6371"}],"collection":[{"href":"https:\/\/easyhomedomotica.com\/ca\/wp-json\/wp\/v2\/pages"}],"about":[{"href":"https:\/\/easyhomedomotica.com\/ca\/wp-json\/wp\/v2\/types\/page"}],"author":[{"embeddable":true,"href":"https:\/\/easyhomedomotica.com\/ca\/wp-json\/wp\/v2\/users\/1"}],"replies":[{"embeddable":true,"href":"https:\/\/easyhomedomotica.com\/ca\/wp-json\/wp\/v2\/comments?post=6371"}],"version-history":[{"count":46,"href":"https:\/\/easyhomedomotica.com\/ca\/wp-json\/wp\/v2\/pages\/6371\/revisions"}],"predecessor-version":[{"id":6608,"href":"https:\/\/easyhomedomotica.com\/ca\/wp-json\/wp\/v2\/pages\/6371\/revisions\/6608"}],"wp:attachment":[{"href":"https:\/\/easyhomedomotica.com\/ca\/wp-json\/wp\/v2\/media?parent=6371"}],"curies":[{"name":"wp","href":"https:\/\/api.w.org\/{rel}","templated":true}]}}